{"id":10687,"date":"2025-01-15T09:47:53","date_gmt":"2025-01-15T09:47:53","guid":{"rendered":"https:\/\/www.fsjeste.ma\/site\/?page_id=10687"},"modified":"2026-02-11T12:12:00","modified_gmt":"2026-02-11T12:12:00","slug":"conditions-dutilisation","status":"publish","type":"page","link":"https:\/\/www.fsjeste.ma\/site\/conditions-dutilisation\/","title":{"rendered":"Conditions d\u00b4utilisation"},"content":{"rendered":"\n<p>La Facult\u00e9 des Sciences Juridiques, Economiques et Sociales de T\u00e9touan vous remercie pour l\u2019int\u00e9r\u00eat que vous portez aux services propos\u00e9s sur son site Internet www.fsjeste.ma.<br>Tout acc\u00e8s et\/ou utilisation du pr\u00e9sent site web suppose l\u2019acceptation et le respect de l\u2019ensemble des termes des pr\u00e9sentes conditions et leur acceptation.<\/p>\n\n\n\n<ol start=\"1\" class=\"wp-block-list\">\n<li><strong>Limites de responsabilit\u00e9 :<\/strong><br>Les informations mises \u00e0 disposition sur ce site le sont uniquement \u00e0 titre purement informatif. En cons\u00e9quence, l\u2019utilisation des informations et contenus disponibles sur l\u2019ensemble du site, ne sauraient en aucun cas engager la responsabilit\u00e9 de la FSJESTE, \u00e0 quelque titre que ce soit. L\u2019utilisateur est seul ma\u00eetre de la bonne utilisation, avec discernement et esprit, des informations mises \u00e0 sa disposition.<br>La FSJESTE ne pourra en aucun cas, dans la limite du droit applicable, \u00eatre tenue responsable des dommages et\/ou pr\u00e9judices, directs ou indirects, mat\u00e9riels ou immat\u00e9riels, ou de quelque nature que ce soit, r\u00e9sultant d\u2019une indisponibilit\u00e9 du Service ou de toute utilisation du Service. Le terme \u00ab utilisation \u00bb doit \u00eatre entendu au sens large. L\u2019utilisateur s\u2019engage, d\u2019une mani\u00e8re g\u00e9n\u00e9rale, \u00e0 respecter l\u2019ensemble de la r\u00e9glementation en vigueur au Maroc.<\/li>\n<\/ol>\n\n\n\n<p><strong><br>2.&nbsp;Protection des donn\u00e9es \u00e0 caract\u00e8re personnel :<\/strong><\/p>\n\n\n\n<ol style=\"list-style-type:lower-alpha\" class=\"wp-block-list\">\n<li><strong>Traitement des donn\u00e9es<\/strong><\/li>\n<\/ol>\n\n\n\n<p>Les informations recueillies sur le site www.fsjeste.ma font l\u2019objet d\u2019un traitement destin\u00e9 \u00e0 Gestion de la Scolarit\u00e9. Ce traitement fait l\u2019objet d\u2019une autorisation aupr\u00e8s de la CNDP sous le num\u00e9ro A-748\/2025<\/p>\n\n\n\n<ul class=\"wp-block-list\">\n<li><strong>Destinataires des donn\u00e9es<\/strong><\/li>\n<\/ul>\n\n\n\n<p>Les destinataires des donn\u00e9es sont : Hetnzer Online GMBH \u00e0 des fins d\u2019H\u00e9bergement et de stockage. Ce traitement fait \u00e9galement l\u2019objet d\u2019un transfert aupr\u00e8s de la CNDP sous le num\u00e9ro A-748\/2025<\/p>\n\n\n\n<ul class=\"wp-block-list\">\n<li><strong>Vos droits<\/strong><br>Conform\u00e9ment \u00e0 la loi n\u00b0 09-08 promulgu\u00e9e par le Dahir 1-09-15 du 18 f\u00e9vrier 2009, relative \u00e0 la protection des personnes physiques \u00e0 l\u2019\u00e9gard du traitement des donn\u00e9es \u00e0 caract\u00e8re personnel, vous b\u00e9n\u00e9ficiez d\u2019un droit d\u2019acc\u00e8s et de rectification aux informations qui vous concernent, que vous pouvez exercer en vous adressant \u00e0 : Service informatique de la FSJEST via l\u2019adresse mail info@fsjeste.ma. \u00a0Vous pouvez \u00e9galement, pour des motifs l\u00e9gitimes, vous opposer \u00e0 ce que les donn\u00e9es qui vous concernent fassent l\u2019objet d\u2019un traitement.<\/li>\n<\/ul>\n\n\n\n<ol start=\"3\" class=\"wp-block-list\">\n<li><strong>Droits d\u2019auteur<\/strong><br>Le contenu de ce site est la propri\u00e9t\u00e9 exclusive de la FSJESTE. \u00a0Son utilisation \u00e0 des fins commerciales est strictement interdite.<\/li>\n<\/ol>\n\n\n\n<p><strong>\u00c9volution du pr\u00e9sent contrat<\/strong><br>La FSJESTE se r\u00e9serve le droit de modifier les termes, conditions et mentions du pr\u00e9sent contrat \u00e0 tout moment. Il est ainsi conseill\u00e9 \u00e0 l\u2019utilisateur de consulter r\u00e9guli\u00e8rement la derni\u00e8re version des conditions g\u00e9n\u00e9rales d\u2019utilisation.<\/p>\n","protected":false},"excerpt":{"rendered":"<p>La Facult\u00e9 des Sciences Juridiques, Economiques et Sociales de T\u00e9touan vous remercie pour l\u2019int\u00e9r\u00eat que vous portez aux services propos\u00e9s sur son site Internet www.fsjeste.ma.Tout acc\u00e8s et\/ou utilisation du pr\u00e9sent&#8230;<\/p>\n","protected":false},"author":3,"featured_media":0,"parent":0,"menu_order":0,"comment_status":"closed","ping_status":"closed","template":"","meta":{"footnotes":""},"class_list":["post-10687","page","type-page","status-publish"],"_links":{"self":[{"href":"https:\/\/www.fsjeste.ma\/site\/wp-json\/wp\/v2\/pages\/10687","targetHints":{"allow":["GET"]}}],"collection":[{"href":"https:\/\/www.fsjeste.ma\/site\/wp-json\/wp\/v2\/pages"}],"about":[{"href":"https:\/\/www.fsjeste.ma\/site\/wp-json\/wp\/v2\/types\/page"}],"author":[{"embeddable":true,"href":"https:\/\/www.fsjeste.ma\/site\/wp-json\/wp\/v2\/users\/3"}],"replies":[{"embeddable":true,"href":"https:\/\/www.fsjeste.ma\/site\/wp-json\/wp\/v2\/comments?post=10687"}],"version-history":[{"count":4,"href":"https:\/\/www.fsjeste.ma\/site\/wp-json\/wp\/v2\/pages\/10687\/revisions"}],"predecessor-version":[{"id":12786,"href":"https:\/\/www.fsjeste.ma\/site\/wp-json\/wp\/v2\/pages\/10687\/revisions\/12786"}],"wp:attachment":[{"href":"https:\/\/www.fsjeste.ma\/site\/wp-json\/wp\/v2\/media?parent=10687"}],"curies":[{"name":"wp","href":"https:\/\/api.w.org\/{rel}","templated":true}]}}