{"id":17,"date":"2023-07-18T11:04:56","date_gmt":"2023-07-18T11:04:56","guid":{"rendered":"https:\/\/www.fsjeste.ma\/site\/?page_id=17"},"modified":"2023-08-25T15:56:52","modified_gmt":"2023-08-25T15:56:52","slug":"mot-de-doyenne","status":"publish","type":"page","link":"https:\/\/www.fsjeste.ma\/site\/mot-de-doyenne\/","title":{"rendered":"MOT DE LA DOYENNE"},"content":{"rendered":"[vc_row type=&#8221;in_container&#8221; full_screen_row_position=&#8221;middle&#8221; column_margin=&#8221;default&#8221; column_direction=&#8221;default&#8221; column_direction_tablet=&#8221;default&#8221; column_direction_phone=&#8221;default&#8221; scene_position=&#8221;center&#8221; text_color=&#8221;dark&#8221; text_align=&#8221;left&#8221; row_border_radius=&#8221;none&#8221; row_border_radius_applies=&#8221;bg&#8221; overflow=&#8221;visible&#8221; overlay_strength=&#8221;0.3&#8243; gradient_direction=&#8221;left_to_right&#8221; shape_divider_position=&#8221;bottom&#8221; bg_image_animation=&#8221;none&#8221;][vc_column column_padding=&#8221;no-extra-padding&#8221; column_padding_tablet=&#8221;inherit&#8221; column_padding_phone=&#8221;inherit&#8221; column_padding_position=&#8221;all&#8221; column_element_direction_desktop=&#8221;default&#8221; column_element_spacing=&#8221;default&#8221; desktop_text_alignment=&#8221;default&#8221; tablet_text_alignment=&#8221;default&#8221; phone_text_alignment=&#8221;default&#8221; background_color_opacity=&#8221;1&#8243; background_hover_color_opacity=&#8221;1&#8243; column_backdrop_filter=&#8221;none&#8221; column_shadow=&#8221;none&#8221; column_border_radius=&#8221;none&#8221; column_link_target=&#8221;_self&#8221; column_position=&#8221;default&#8221; gradient_direction=&#8221;left_to_right&#8221; overlay_strength=&#8221;0.3&#8243; width=&#8221;1\/1&#8243; tablet_width_inherit=&#8221;default&#8221; animation_type=&#8221;default&#8221; bg_image_animation=&#8221;none&#8221; border_type=&#8221;simple&#8221; column_border_width=&#8221;none&#8221; column_border_style=&#8221;solid&#8221;][nectar_responsive_text]\n<h2 style=\"text-align: center;\"><strong>Mot de bienvenue de la Doyenne \u00e0 l&#8217;occasion de la rentr\u00e9e universitaire 2023\/2024<\/strong><\/h2>\n[\/nectar_responsive_text][\/vc_column][\/vc_row][vc_row type=&#8221;full_width_background&#8221; full_screen_row_position=&#8221;middle&#8221; column_margin=&#8221;default&#8221; column_direction=&#8221;default&#8221; column_direction_tablet=&#8221;default&#8221; column_direction_phone=&#8221;default&#8221; bg_color=&#8221;#ffffff&#8221; scene_position=&#8221;center&#8221; top_padding=&#8221;8%&#8221; bottom_padding=&#8221;8%&#8221; top_padding_tablet=&#8221;16%&#8221; bottom_padding_tablet=&#8221;16%&#8221; text_color=&#8221;dark&#8221; text_align=&#8221;left&#8221; row_border_radius=&#8221;none&#8221; row_border_radius_applies=&#8221;bg&#8221; overflow=&#8221;visible&#8221; overlay_strength=&#8221;0.3&#8243; gradient_direction=&#8221;left_to_right&#8221; shape_divider_color=&#8221;#000000&#8243; shape_divider_position=&#8221;top&#8221; bg_image_animation=&#8221;none&#8221; shape_type=&#8221;straight_section&#8221;][vc_column column_padding=&#8221;no-extra-padding&#8221; column_padding_tablet=&#8221;inherit&#8221; column_padding_phone=&#8221;inherit&#8221; column_padding_position=&#8221;all&#8221; column_element_direction_desktop=&#8221;default&#8221; column_element_spacing=&#8221;0px&#8221; desktop_text_alignment=&#8221;default&#8221; tablet_text_alignment=&#8221;default&#8221; phone_text_alignment=&#8221;default&#8221; background_color_opacity=&#8221;1&#8243; background_hover_color_opacity=&#8221;1&#8243; column_backdrop_filter=&#8221;none&#8221; column_shadow=&#8221;none&#8221; column_border_radius=&#8221;none&#8221; column_link_target=&#8221;_self&#8221; column_position=&#8221;default&#8221; gradient_direction=&#8221;left_to_right&#8221; overlay_strength=&#8221;0.3&#8243; width=&#8221;1\/1&#8243; tablet_width_inherit=&#8221;default&#8221; animation_type=&#8221;default&#8221; bg_image_animation=&#8221;none&#8221; border_type=&#8221;simple&#8221; column_border_width=&#8221;none&#8221; column_border_style=&#8221;solid&#8221;][image_with_animation image_url=&#8221;1471&#8243; image_size=&#8221;medium&#8221; animation_type=&#8221;entrance&#8221; animation=&#8221;None&#8221; animation_movement_type=&#8221;transform_y&#8221; hover_animation=&#8221;none&#8221; alignment=&#8221;center&#8221; border_radius=&#8221;none&#8221; box_shadow=&#8221;none&#8221; image_loading=&#8221;default&#8221; max_width=&#8221;100%&#8221; max_width_mobile=&#8221;default&#8221;][nectar_responsive_text]<strong>Ch\u00e8res \u00e9tudiantes, chers \u00e9tudiants,<\/strong><\/p>\n<p><strong>Ch\u00e8res\u00a0et chers coll\u00e8gues,<\/strong><\/p>\n<p>La rentr\u00e9e universitaire 2023\/2024 est particuli\u00e8re et caract\u00e9ris\u00e9e par la mise en \u0153uvre d\u2019une r\u00e9forme globale de l\u2019enseignement sup\u00e9rieur, en vue d\u2019am\u00e9liorer l\u2019efficacit\u00e9 et la pertinence du syst\u00e8me universitaire du pays. Dans ce cadre, une s\u00e9rie de r\u00e9formes est d\u00e9j\u00e0 programm\u00e9e dans le cadre du nouveau plan national d\u2019acc\u00e9l\u00e9ration de la transformation de l\u2019\u00e9cosyst\u00e8me de l\u2019enseignement sup\u00e9rieur, de la recherche scientifique et de l\u2019innovation (PACTE ESRI 2030), dont notamment la nouvelle r\u00e9forme p\u00e9dagogique :<\/p>\n<ul>\n<li>Maintien de l\u2019ing\u00e9nierie p\u00e9dagogique actuelle du syst\u00e8me Licence-Master-Doctorat (LMD)\u00a0;<\/li>\n<li>R\u00e9vision de l\u2019offre de formation dans les \u00e9tablissements \u00e0 acc\u00e8s ouvert\u00a0; Adoption du syst\u00e8me de cr\u00e9dits europ\u00e9ens (ECTS)\u00a0;<\/li>\n<li>Nouvelles d\u00e9nominations des dipl\u00f4mes\u00a0;<\/li>\n<li>Cr\u00e9ation de passerelles entre les diff\u00e9rentes fili\u00e8res et les \u00e9tablissements d\u2019enseignement sup\u00e9rieur\u00a0; Prise en compte des activit\u00e9s parall\u00e8les dans le contenu de la formation de la fili\u00e8re\u00a0;<\/li>\n<li>Ajout d\u2019annexes aux dipl\u00f4mes\u00a0;<\/li>\n<li>Cr\u00e9ation de centres d\u2019excellence\u00a0;<\/li>\n<li>Renforcements des comp\u00e9tences linguistiques, comportementales et digitales, ainsi que l\u2019enseignement de quelques modules en anglais ;<\/li>\n<li>La vision de notre \u00e9tablissement est en accord avec le projet lanc\u00e9 par le ministre, Campus Connect.<\/li>\n<\/ul>\n<p>Cette rentr\u00e9e universitaire est, aussi, caract\u00e9ris\u00e9e par le d\u00e9marrage effectif de la mise en \u0153uvre du nouveau projet d\u2019\u00e9tablissement 2023-2027, sur la base duquel j\u2019ai \u00e9t\u00e9 d\u00e9sign\u00e9e Doyenne de la FSJES de T\u00e9touan le 08 mars 2023, par le gouvernement de Sa Majest\u00e9.\u00a0\u00a0\u00a0\u00a0\u00a0\u00a0\u00a0\u00a0\u00a0 Un projet de d\u00e9veloppement, dont les objectifs g\u00e9n\u00e9raux sont\u00a0: L\u2019am\u00e9lioration de la qualit\u00e9 de l\u2019offre de formation\u00a0; la Promotion, le d\u00e9veloppement et la valorisation de la recherche scientifique et de l\u2019innovation\u00a0; l\u2019excellence\u00a0; l\u2019ouverture; l\u2019instauration d\u2019une bonne gouvernance au sein de notre \u00e9tablissement et r\u00e9instauration d\u2019un cadre propice de travail\u00a0; l\u2019am\u00e9lioration de la communication interne et externe\u00a0; la promotion de l\u2019\u00e9galit\u00e9 des chances et de traitement et la sensibilisation \u00e0 la diversit\u00e9 et \u00e0 l\u2019inclusion\u00a0; \u2026..<\/p>\n<p>Avec environ 30 000 \u00e9tudiants, la Facult\u00e9 des Sciences Juridiques, Economiques et Sociales de T\u00e9touan, est l&#8217;une des grandes facult\u00e9s de l&#8217;Universit\u00e9 Abdelmalek Essa\u00e2di. Elle offre un \u00e9ventail de formations diversifi\u00e9es, que nous voulons plus attractives, plus pertinentes et plus adapt\u00e9es aux contraintes du march\u00e9 de l\u2019emploi afin de faciliter votre insertion dans la vie active.<\/p>\n<p>La FSJES de T\u00e9touan propose des formations vari\u00e9es recouvrant les domaines des sciences \u00e9conomiques et de gestion, des sciences juridiques et politiques et des sciences sociales. Ainsi, selon votre niveau d\u2019\u00e9tude, elle vous offre la possibilit\u00e9 de s\u2019inscrire en Licence, Master et en Doctorat.<\/p>\n<p>Outre une formation commune de base de qualit\u00e9 en Licence, en \u00c9conomie et Gestion, Droit en Langues arabe et Droit en Langue Fran\u00e7aise, notre facult\u00e9 offre \u00e0 nos \u00e9tudiants 16 parcours optionnels, 2 licences d\u2019excellence, une fili\u00e8re \u00e0 caract\u00e8re social, environ 14 formations en master et une seule formation doctorale couvrant toutes les sp\u00e9cialit\u00e9s.<\/p>\n<p>Vous avez choisi de vous inscrire \u00e0 la Facult\u00e9 des Sciences Juridiques, Economiques et Sociales de T\u00e9touan. C&#8217;est un excellent choix, car vous pouvez compter sur plus de 87 enseignants-chercheurs et 26 administratifs comp\u00e9tents et d\u00e9vou\u00e9s et une \u00e9quipe de direction exp\u00e9riment\u00e9e et totalement impliqu\u00e9e qui n&#8217;ont d&#8217;autre ambition que de vous conduire au plein succ\u00e8s dans vos \u00e9tudes et de vous pr\u00e9parer \u00e0 une entr\u00e9e satisfaisante dans la vie professionnelle.<\/p>\n<p>En plus de la recherche et des formations acad\u00e9miques, nous encourageons vivement les \u00e9tudiants \u00e0 organiser et \u00e0 participer \u00e0 des activit\u00e9s extracurriculaires, des stages, des conf\u00e9rences et des \u00e9v\u00e9nements qui \u00e9largiront leur vision du monde et renforceront leurs comp\u00e9tences pratiques. Les structures d\u00e9di\u00e9es \u00e0 ces activit\u00e9s culturelles, scientifiques, sportives et sociales sont \u00e0 votre disposition pour vous \u00e9couter et r\u00e9pondre \u00e0 vos souhaits, am\u00e9liorer vos comp\u00e9tences et vous offrir un cadre de vie agr\u00e9able et favorable \u00e0 votre \u00e9panouissement.<\/p>\n<p>N\u2019h\u00e9sitez pas \u00e0 nous contacter si vous avez des questions ou si vous avez besoin de conseils suppl\u00e9mentaires. Je suis convaincue que votre exp\u00e9rience acad\u00e9mique et personnelle \u00e0 la Facult\u00e9 des Sciences Juridiques, Economiques et Sociales de T\u00e9touan sera enrichissante et vous permettra de r\u00e9aliser vos aspirations professionnelles et de profiter pleinement des opportunit\u00e9s qui s\u2019offrent \u00e0 vous.<\/p>\n<p>Je vous souhaite chaleureusement la bienvenue chez vous, \u00e0 la FSJES de T\u00e9touan. Aussi, je vous souhaite la bienvenue sur notre site web compl\u00e8tement r\u00e9nov\u00e9 et accompagn\u00e9 de nouvelles plateformes et d\u2019un contenu \u00e9labor\u00e9 et mis \u00e0 jour. Ce nouveau portail repr\u00e9sente notre engagement constant \u00e0 vous fournir des ressources et des informations de qualit\u00e9 pour soutenir votre parcours acad\u00e9mique et professionnel.<\/p>\n<p>Je suis et demeure la doyenne de toutes et tous et au service de tout le monde. Je reste ouverte aux id\u00e9es innovantes pour notre Facult\u00e9 et<em> au plaisir de vous accompagner dans vos \u00e9tudes et projets.<\/em><\/p>\n<p>Aussi, je souhaite \u00e0 tous mes coll\u00e8gues de l\u2019\u00e9tablissement une bonne rentr\u00e9e et une excellente ann\u00e9e universitaire 2023\/2024. Rentr\u00e9e universitaire, qui est l\u2019occasion de mettre en \u0153uvre, progressivement, la nouvelle r\u00e9forme de l\u2019enseignement sup\u00e9rieur. Elle est aussi l\u2019occasion du d\u00e9marrage effectif de notre projet de d\u00e9veloppement de la FSJES de T\u00e9touan 2023\/2027. Que cette ann\u00e9e soit synonyme de r\u00e9ussite pour notre facult\u00e9, notre universit\u00e9 et pour chacun d&#8217;entre vous !<\/p>\n<p style=\"text-align: right;\">\u00a0 La Doyenne<\/p>\n<p style=\"text-align: right;\">Maria Boujaddaine<\/p>\n[\/nectar_responsive_text][\/vc_column][\/vc_row]\n","protected":false},"excerpt":{"rendered":"<p>[vc_row type=&#8221;in_container&#8221; full_screen_row_position=&#8221;middle&#8221; column_margin=&#8221;default&#8221; column_direction=&#8221;default&#8221; column_direction_tablet=&#8221;default&#8221; column_direction_phone=&#8221;default&#8221; scene_position=&#8221;center&#8221; text_color=&#8221;dark&#8221; text_align=&#8221;left&#8221; row_border_radius=&#8221;none&#8221; row_border_radius_applies=&#8221;bg&#8221; overflow=&#8221;visible&#8221; overlay_strength=&#8221;0.3&#8243; gradient_direction=&#8221;left_to_right&#8221; shape_divider_position=&#8221;bottom&#8221; bg_image_animation=&#8221;none&#8221;][vc_column column_padding=&#8221;no-extra-padding&#8221; column_padding_tablet=&#8221;inherit&#8221; column_padding_phone=&#8221;inherit&#8221; column_padding_position=&#8221;all&#8221; column_element_direction_desktop=&#8221;default&#8221; column_element_spacing=&#8221;default&#8221; desktop_text_alignment=&#8221;default&#8221; tablet_text_alignment=&#8221;default&#8221; phone_text_alignment=&#8221;default&#8221; background_color_opacity=&#8221;1&#8243; background_hover_color_opacity=&#8221;1&#8243; column_backdrop_filter=&#8221;none&#8221; column_shadow=&#8221;none&#8221;&#8230;<\/p>\n","protected":false},"author":3,"featured_media":0,"parent":0,"menu_order":0,"comment_status":"closed","ping_status":"closed","template":"","meta":{"footnotes":""},"class_list":["post-17","page","type-page","status-publish"],"_links":{"self":[{"href":"https:\/\/www.fsjeste.ma\/site\/wp-json\/wp\/v2\/pages\/17","targetHints":{"allow":["GET"]}}],"collection":[{"href":"https:\/\/www.fsjeste.ma\/site\/wp-json\/wp\/v2\/pages"}],"about":[{"href":"https:\/\/www.fsjeste.ma\/site\/wp-json\/wp\/v2\/types\/page"}],"author":[{"embeddable":true,"href":"https:\/\/www.fsjeste.ma\/site\/wp-json\/wp\/v2\/users\/3"}],"replies":[{"embeddable":true,"href":"https:\/\/www.fsjeste.ma\/site\/wp-json\/wp\/v2\/comments?post=17"}],"version-history":[{"count":14,"href":"https:\/\/www.fsjeste.ma\/site\/wp-json\/wp\/v2\/pages\/17\/revisions"}],"predecessor-version":[{"id":1501,"href":"https:\/\/www.fsjeste.ma\/site\/wp-json\/wp\/v2\/pages\/17\/revisions\/1501"}],"wp:attachment":[{"href":"https:\/\/www.fsjeste.ma\/site\/wp-json\/wp\/v2\/media?parent=17"}],"curies":[{"name":"wp","href":"https:\/\/api.w.org\/{rel}","templated":true}]}}