{"id":6014,"date":"2023-09-30T14:54:21","date_gmt":"2023-09-30T14:54:21","guid":{"rendered":"https:\/\/www.fsjeste.ma\/site\/?page_id=6014"},"modified":"2025-11-13T13:22:54","modified_gmt":"2025-11-13T13:22:54","slug":"emploi-s5","status":"publish","type":"page","link":"https:\/\/www.fsjeste.ma\/site\/emploi-s5\/","title":{"rendered":"Emploi S5"},"content":{"rendered":"[vc_row type=&#8221;in_container&#8221; full_screen_row_position=&#8221;middle&#8221; column_margin=&#8221;default&#8221; column_direction=&#8221;default&#8221; column_direction_tablet=&#8221;default&#8221; column_direction_phone=&#8221;default&#8221; scene_position=&#8221;center&#8221; text_color=&#8221;dark&#8221; text_align=&#8221;left&#8221; row_border_radius=&#8221;none&#8221; row_border_radius_applies=&#8221;bg&#8221; overflow=&#8221;visible&#8221; overlay_strength=&#8221;0.3&#8243; gradient_direction=&#8221;left_to_right&#8221; shape_divider_position=&#8221;bottom&#8221; bg_image_animation=&#8221;none&#8221;][vc_column column_padding=&#8221;no-extra-padding&#8221; column_padding_tablet=&#8221;inherit&#8221; column_padding_phone=&#8221;inherit&#8221; column_padding_position=&#8221;all&#8221; column_element_direction_desktop=&#8221;default&#8221; column_element_spacing=&#8221;default&#8221; desktop_text_alignment=&#8221;default&#8221; tablet_text_alignment=&#8221;default&#8221; phone_text_alignment=&#8221;default&#8221; background_color_opacity=&#8221;1&#8243; background_hover_color_opacity=&#8221;1&#8243; column_backdrop_filter=&#8221;none&#8221; column_shadow=&#8221;none&#8221; column_border_radius=&#8221;none&#8221; column_link_target=&#8221;_self&#8221; column_position=&#8221;default&#8221; gradient_direction=&#8221;left_to_right&#8221; overlay_strength=&#8221;0.3&#8243; width=&#8221;1\/1&#8243; tablet_width_inherit=&#8221;default&#8221; animation_type=&#8221;default&#8221; bg_image_animation=&#8221;none&#8221; border_type=&#8221;simple&#8221; column_border_width=&#8221;none&#8221; column_border_style=&#8221;solid&#8221;][vc_column_text]\n<h1 class=\"wp-block-heading has-text-align-center\">Les emplois des temps ( S5 ) 2025\/2026<\/h1>\n<p class=\"has-text-align-center\"><\/p>\n[\/vc_column_text][vc_row_inner column_margin=&#8221;default&#8221; column_direction=&#8221;default&#8221; column_direction_tablet=&#8221;default&#8221; column_direction_phone=&#8221;default&#8221; text_align=&#8221;left&#8221; row_position=&#8221;default&#8221; row_position_tablet=&#8221;inherit&#8221; row_position_phone=&#8221;inherit&#8221; overflow=&#8221;visible&#8221; pointer_events=&#8221;all&#8221;][vc_column_inner column_padding=&#8221;no-extra-padding&#8221; column_padding_tablet=&#8221;inherit&#8221; column_padding_phone=&#8221;inherit&#8221; column_padding_position=&#8221;all&#8221; column_element_direction_desktop=&#8221;default&#8221; column_element_spacing=&#8221;default&#8221; desktop_text_alignment=&#8221;default&#8221; tablet_text_alignment=&#8221;default&#8221; phone_text_alignment=&#8221;default&#8221; background_color_opacity=&#8221;1&#8243; background_hover_color_opacity=&#8221;1&#8243; column_backdrop_filter=&#8221;none&#8221; column_shadow=&#8221;none&#8221; column_border_radius=&#8221;none&#8221; column_link_target=&#8221;_self&#8221; overflow=&#8221;visible&#8221; gradient_direction=&#8221;left_to_right&#8221; overlay_strength=&#8221;0.3&#8243; width=&#8221;1\/1&#8243; tablet_width_inherit=&#8221;default&#8221; animation_type=&#8221;default&#8221; enable_animation=&#8221;true&#8221; animation=&#8221;fade-in-from-bottom&#8221; animation_easing=&#8221;default&#8221; bg_image_animation=&#8221;none&#8221; border_type=&#8221;simple&#8221; column_border_width=&#8221;none&#8221; column_border_style=&#8221;solid&#8221;][nectar_horizontal_list_item columns=&#8221;1&#8243; col_1_text_align=&#8221;center&#8221; col_1_text_element=&#8221;h3&#8243; cta_1_open_new_tab=&#8221;true&#8221; font_family=&#8221;h4&#8243; hover_effect=&#8221;default&#8221; hover_color=&#8221;accent-color&#8221; icon_family=&#8221;none&#8221; icon_size=&#8221;regular&#8221; col_1_content=&#8221;\u0627\u0644\u0645\u0647\u0646 \u0627\u0644\u0642\u0627\u0646\u0648\u0646\u064a\u0629 \u0648\u0627\u0644\u0642\u0636\u0627\u0626\u064a\u0629&#8221; cta_1_text=&#8221;A \u0627\u0644\u0645\u062c\u0645\u0648\u0639\u0629&#8221; cta_2_text=&#8221;B \u0627\u0644\u0645\u062c\u0645\u0648\u0639\u0629&#8221; cta_1_url=&#8221;https:\/\/drive.google.com\/file\/d\/1CdaqXEKAdD2hGjlRcU_uw3jq-flHDLqd\/view?usp=sharing&#8221; cta_2_url=&#8221;https:\/\/drive.google.com\/file\/d\/1JDSyK-XcWdG9oNRscFJOd0Fslx1ENMlt\/view?usp=sharing&#8221;][nectar_horizontal_list_item columns=&#8221;1&#8243; col_1_text_align=&#8221;center&#8221; col_1_text_element=&#8221;h3&#8243; cta_1_open_new_tab=&#8221;true&#8221; font_family=&#8221;h4&#8243; hover_effect=&#8221;default&#8221; hover_color=&#8221;accent-color&#8221; icon_family=&#8221;none&#8221; icon_size=&#8221;regular&#8221; col_1_content=&#8221;\u0627\u0644\u0645\u0647\u0646 \u0627\u0644\u0642\u0627\u0646\u0648\u0646\u064a\u0629 \u0648\u0627\u0644\u0642\u0636\u0627\u0626\u064a\u0629&#8221; cta_1_text=&#8221;C \u0627\u0644\u0645\u062c\u0645\u0648\u0639\u0629&#8221; cta_1_url=&#8221;https:\/\/drive.google.com\/file\/d\/1yfC_g4wIIynkuMmy08o4ctiA2WUuWH23\/view?usp=sharing&#8221;][nectar_horizontal_list_item columns=&#8221;1&#8243; col_1_text_align=&#8221;center&#8221; col_1_text_element=&#8221;h3&#8243; cta_1_open_new_tab=&#8221;true&#8221; font_family=&#8221;h4&#8243; hover_effect=&#8221;default&#8221; hover_color=&#8221;accent-color&#8221; icon_family=&#8221;none&#8221; icon_size=&#8221;regular&#8221; col_1_content=&#8221;\u0642\u0627\u0646\u0648\u0646 \u0627\u0644\u0645\u0627\u0644 \u0648\u0627\u0644\u0623\u0639\u0645\u0627\u0644&#8221; cta_1_text=&#8221;A \u0627\u0644\u0645\u062c\u0645\u0648\u0639\u0629&#8221; cta_1_url=&#8221;https:\/\/drive.google.com\/file\/d\/1d2_HmC7GDmlQG4OIbtR18maTcrjb-HUr\/view?usp=sharing&#8221;][nectar_horizontal_list_item columns=&#8221;1&#8243; col_1_text_align=&#8221;center&#8221; col_1_text_element=&#8221;h3&#8243; cta_1_open_new_tab=&#8221;true&#8221; font_family=&#8221;h4&#8243; hover_effect=&#8221;default&#8221; hover_color=&#8221;accent-color&#8221; icon_family=&#8221;none&#8221; icon_size=&#8221;regular&#8221; col_1_content=&#8221;\u0627\u0644\u0642\u0627\u0646\u0648\u0646 \u0627\u0644\u0639\u0627\u0645 \u0628\u0627\u0644\u0639\u0631\u0628\u064a\u0629&#8221; cta_1_text=&#8221;\u0627\u0644\u062f\u0631\u0627\u0633\u0627\u062a \u0627\u0644\u0625\u062f\u0627\u0631\u064a\u0629 \u0648\u0627\u0644\u0645\u0627\u0644\u064a\u0629&#8221; cta_2_text=&#8221;\u0627\u0644\u062f\u0631\u0627\u0633\u0627\u062a \u0627\u0644\u0633\u064a\u0627\u0633\u064a\u0629 \u0648\u0627\u0644\u062f\u0648\u0644\u064a\u0629&#8221; cta_1_url=&#8221;https:\/\/drive.google.com\/file\/d\/1ofsq11lRT2p1MyjhT6JzLHtY7QpBM3A-\/view?usp=sharing&#8221; cta_2_url=&#8221;https:\/\/drive.google.com\/file\/d\/1_fJ0CJHJ3r0wnZtZxBEiGW4z7fen9VLv\/view?usp=sharing&#8221;][nectar_horizontal_list_item columns=&#8221;1&#8243; col_1_text_align=&#8221;center&#8221; col_1_text_element=&#8221;h3&#8243; cta_1_open_new_tab=&#8221;true&#8221; font_family=&#8221;h4&#8243; hover_effect=&#8221;default&#8221; hover_color=&#8221;accent-color&#8221; icon_family=&#8221;none&#8221; icon_size=&#8221;regular&#8221; col_1_content=&#8221;\u0627\u0644\u0646\u0638\u0627\u0645 \u0627\u0644\u0642\u062f\u064a\u0645&#8221; cta_1_text=&#8221;\u0627\u0644\u0642\u0627\u0646\u0648\u0646 \u0627\u0644\u0639\u0627\u0645&#8221; cta_2_text=&#8221;\u0627\u0644\u0642\u0627\u0646\u0648\u0646 \u0627\u0644\u062e\u0627\u0635&#8221; cta_1_url=&#8221;https:\/\/drive.google.com\/file\/d\/1-A7ShRVFABDU1rqSIfcBCZpX_gDlKiu-\/view?usp=drive_link&#8221; cta_2_url=&#8221;https:\/\/drive.google.com\/file\/d\/1cdSF3fWFNzTz9WbCOdsrxgpQe0ETtAao\/view?usp=sharing&#8221;][nectar_horizontal_list_item columns=&#8221;1&#8243; col_1_text_align=&#8221;center&#8221; col_1_text_element=&#8221;h3&#8243; cta_1_open_new_tab=&#8221;true&#8221; font_family=&#8221;h4&#8243; hover_effect=&#8221;default&#8221; hover_color=&#8221;accent-color&#8221; icon_family=&#8221;none&#8221; icon_size=&#8221;regular&#8221; col_1_content=&#8221;Droit Fran\u00e7ais Ancien Syst\u00e8me&#8221; cta_1_text=&#8221;Droit prive&#8221; cta_2_text=&#8221;Droit public&#8221;][nectar_horizontal_list_item columns=&#8221;1&#8243; col_1_text_align=&#8221;center&#8221; col_1_text_element=&#8221;h3&#8243; cta_1_open_new_tab=&#8221;true&#8221; font_family=&#8221;h4&#8243; hover_effect=&#8221;default&#8221; hover_color=&#8221;accent-color&#8221; icon_family=&#8221;none&#8221; icon_size=&#8221;regular&#8221; col_1_content=&#8221;Droit Priv\u00e9 Fran\u00e7ais&#8221; cta_1_text=&#8221;Droit financier et des affaires&#8221; cta_2_text=&#8221;M\u00e9tiers du droits et de la justice&#8221; cta_1_url=&#8221;https:\/\/drive.google.com\/file\/d\/1kEf6z__mxTJdCUklgXWLZCEPyIlT6brT\/view?usp=drive_link&#8221; cta_2_url=&#8221;https:\/\/drive.google.com\/file\/d\/12GlBHG6bx0tL7M5eOKltgcBLq6OM_rn0\/view?usp=drive_link&#8221;][nectar_horizontal_list_item columns=&#8221;1&#8243; col_1_text_align=&#8221;center&#8221; col_1_text_element=&#8221;h3&#8243; cta_1_open_new_tab=&#8221;true&#8221; font_family=&#8221;h4&#8243; hover_effect=&#8221;default&#8221; hover_color=&#8221;accent-color&#8221; icon_family=&#8221;none&#8221; icon_size=&#8221;regular&#8221; col_1_content=&#8221;Droit Public Fran\u00e7ais&#8221; cta_1_text=&#8221;Etudes politiques et internationales&#8221; cta_2_text=&#8221;Etudes administratives et financi\u00e8res&#8221; cta_1_url=&#8221;https:\/\/drive.google.com\/file\/d\/1D0uPFxW5OrIfY08YZsxdPMwYpDy_ITTl\/view?usp=sharing&#8221; cta_2_url=&#8221;https:\/\/drive.google.com\/file\/d\/15SFmWCZpn5XQ0UH-eaeRQ-RqeUbjJLCC\/view?usp=sharing&#8221;][nectar_horizontal_list_item columns=&#8221;1&#8243; col_1_text_align=&#8221;center&#8221; col_1_text_element=&#8221;h3&#8243; cta_1_open_new_tab=&#8221;true&#8221; font_family=&#8221;h4&#8243; hover_effect=&#8221;default&#8221; hover_color=&#8221;accent-color&#8221; icon_family=&#8221;none&#8221; icon_size=&#8221;regular&#8221; col_1_content=&#8221;Comptabilit\u00e9-Finance&#8221; cta_1_text=&#8221;Groupe A&#8221; cta_2_text=&#8221;Group B&#8221; cta_1_url=&#8221;https:\/\/drive.google.com\/file\/d\/1SANe0xea1CgiIBkNm07jvvueqVYDlTLo\/view?usp=sharing&#8221; cta_2_url=&#8221;https:\/\/drive.google.com\/file\/d\/1m28XTRPhNuzgv4bicNkVpFycPso1WA8s\/view?usp=drive_link&#8221;][nectar_horizontal_list_item columns=&#8221;1&#8243; col_1_text_align=&#8221;center&#8221; col_1_text_element=&#8221;h3&#8243; cta_1_open_new_tab=&#8221;true&#8221; font_family=&#8221;h4&#8243; hover_effect=&#8221;default&#8221; hover_color=&#8221;accent-color&#8221; icon_family=&#8221;none&#8221; icon_size=&#8221;regular&#8221; col_1_content=&#8221;Gestion&#8221; cta_1_text=&#8221;Commerce et Marketing&#8221; cta_2_text=&#8221;Management des Ressources Humaines&#8221; cta_1_url=&#8221;https:\/\/drive.google.com\/file\/d\/1n0dM2-Lm3sIMUIUzb7&#8211;d6SaWZL82cjO\/view?usp=sharing&#8221; cta_2_url=&#8221;https:\/\/drive.google.com\/file\/d\/1h9IFQw6gywy5j5kNJNj2dBJ6RIqzcvYe\/view?usp=drive_link&#8221;][nectar_horizontal_list_item columns=&#8221;1&#8243; col_1_text_align=&#8221;center&#8221; col_1_text_element=&#8221;h3&#8243; cta_1_open_new_tab=&#8221;true&#8221; font_family=&#8221;h4&#8243; hover_effect=&#8221;default&#8221; hover_color=&#8221;accent-color&#8221; icon_family=&#8221;none&#8221; icon_size=&#8221;regular&#8221; col_1_content=&#8221;Econom\u00e9trie&#8221; cta_1_text=&#8221;Econom\u00e9trie&#8221; cta_1_url=&#8221;https:\/\/drive.google.com\/file\/d\/1moW6QvyrGDcLW-QPBnOnJB3EGtHsAfic\/view?usp=sharing&#8221;][nectar_horizontal_list_item columns=&#8221;1&#8243; col_1_text_align=&#8221;center&#8221; col_1_text_element=&#8221;h3&#8243; cta_1_open_new_tab=&#8221;true&#8221; font_family=&#8221;h4&#8243; hover_effect=&#8221;default&#8221; hover_color=&#8221;accent-color&#8221; icon_family=&#8221;none&#8221; icon_size=&#8221;regular&#8221; col_1_content=&#8221;Ancien Syst\u00e8me&#8221; cta_1_text=&#8221;Economie&#8221; cta_2_text=&#8221;Gestion&#8221; cta_1_url=&#8221;https:\/\/drive.google.com\/file\/d\/1BA4fBRfKtKl-L3ZcoqKqvPTeQxkcUQif\/view?usp=sharing&#8221; cta_2_url=&#8221;https:\/\/drive.google.com\/file\/d\/15PhmKV5ZxxeTYx0m5kRSy_MEgyFx9Q3I\/view?usp=sharing&#8221;][nectar_horizontal_list_item columns=&#8221;1&#8243; col_1_text_align=&#8221;center&#8221; col_1_text_element=&#8221;h3&#8243; cta_1_open_new_tab=&#8221;true&#8221; font_family=&#8221;h4&#8243; hover_effect=&#8221;default&#8221; hover_color=&#8221;accent-color&#8221; icon_family=&#8221;none&#8221; icon_size=&#8221;regular&#8221; col_1_content=&#8221;Parcours d&#8217;excellence&#8221; cta_1_text=&#8221;Audit et Contr\u00f4le de Gestion&#8221; cta_2_text=&#8221;\u0627\u0644\u0645\u0646\u0627\u0632\u0639\u0627\u062a \u0627\u0644\u0642\u0627\u0646\u0648\u0646\u064a\u0629&#8221; cta_1_url=&#8221;https:\/\/drive.google.com\/file\/d\/1Zdy2tKdwYip90rTgRNuPyzBBpr2q4Onq\/view?usp=sharing&#8221; cta_2_url=&#8221;https:\/\/drive.google.com\/file\/d\/194kHZneLnMvWAbI9E1_5mpgmpg-b_Vz5\/view?usp=sharing&#8221;][\/vc_column_inner][\/vc_row_inner][\/vc_column][\/vc_row]\n","protected":false},"excerpt":{"rendered":"<p>[vc_row type=&#8221;in_container&#8221; full_screen_row_position=&#8221;middle&#8221; column_margin=&#8221;default&#8221; column_direction=&#8221;default&#8221; column_direction_tablet=&#8221;default&#8221; column_direction_phone=&#8221;default&#8221; scene_position=&#8221;center&#8221; text_color=&#8221;dark&#8221; text_align=&#8221;left&#8221; row_border_radius=&#8221;none&#8221; row_border_radius_applies=&#8221;bg&#8221; overflow=&#8221;visible&#8221; overlay_strength=&#8221;0.3&#8243; gradient_direction=&#8221;left_to_right&#8221; shape_divider_position=&#8221;bottom&#8221; bg_image_animation=&#8221;none&#8221;][vc_column column_padding=&#8221;no-extra-padding&#8221; column_padding_tablet=&#8221;inherit&#8221; column_padding_phone=&#8221;inherit&#8221; column_padding_position=&#8221;all&#8221; column_element_direction_desktop=&#8221;default&#8221; column_element_spacing=&#8221;default&#8221; desktop_text_alignment=&#8221;default&#8221; tablet_text_alignment=&#8221;default&#8221; phone_text_alignment=&#8221;default&#8221; background_color_opacity=&#8221;1&#8243; background_hover_color_opacity=&#8221;1&#8243; column_backdrop_filter=&#8221;none&#8221; column_shadow=&#8221;none&#8221;&#8230;<\/p>\n","protected":false},"author":3,"featured_media":0,"parent":0,"menu_order":0,"comment_status":"closed","ping_status":"closed","template":"","meta":{"footnotes":""},"class_list":["post-6014","page","type-page","status-publish"],"_links":{"self":[{"href":"https:\/\/www.fsjeste.ma\/site\/wp-json\/wp\/v2\/pages\/6014","targetHints":{"allow":["GET"]}}],"collection":[{"href":"https:\/\/www.fsjeste.ma\/site\/wp-json\/wp\/v2\/pages"}],"about":[{"href":"https:\/\/www.fsjeste.ma\/site\/wp-json\/wp\/v2\/types\/page"}],"author":[{"embeddable":true,"href":"https:\/\/www.fsjeste.ma\/site\/wp-json\/wp\/v2\/users\/3"}],"replies":[{"embeddable":true,"href":"https:\/\/www.fsjeste.ma\/site\/wp-json\/wp\/v2\/comments?post=6014"}],"version-history":[{"count":62,"href":"https:\/\/www.fsjeste.ma\/site\/wp-json\/wp\/v2\/pages\/6014\/revisions"}],"predecessor-version":[{"id":12178,"href":"https:\/\/www.fsjeste.ma\/site\/wp-json\/wp\/v2\/pages\/6014\/revisions\/12178"}],"wp:attachment":[{"href":"https:\/\/www.fsjeste.ma\/site\/wp-json\/wp\/v2\/media?parent=6014"}],"curies":[{"name":"wp","href":"https:\/\/api.w.org\/{rel}","templated":true}]}}